{"id":8327,"date":"2019-10-08T11:09:51","date_gmt":"2019-10-08T09:09:51","guid":{"rendered":"https:\/\/svab.se\/operator-controls\/"},"modified":"2024-11-12T11:10:46","modified_gmt":"2024-11-12T10:10:46","slug":"steuergriffe","status":"publish","type":"page","link":"https:\/\/svab.se\/de\/steuergriffe\/","title":{"rendered":"Steuergriffe"},"content":{"rendered":"","protected":false},"excerpt":{"rendered":"","protected":false},"author":1,"featured_media":0,"parent":0,"menu_order":8,"comment_status":"closed","ping_status":"closed","template":"template-onlysections.php","meta":{"_acf_changed":false,"footnotes":""},"class_list":["post-8327","page","type-page","status-publish","hentry"],"acf":[],"yoast_head":"<!-- This site is optimized with the Yoast SEO plugin v26.8 - https:\/\/yoast.com\/product\/yoast-seo-wordpress\/ -->\n<title>Joystick Bagger - Pr\u00e4zise und ergonomische Steuergriffe - SVAB<\/title>\n<meta name=\"description\" content=\"Entdecken Sie die SVAB-Joysticksteuerungen f\u00fcr Pr\u00e4zision und Bedienkomfort. Ergonomische L\u00f6sungen wie A9, L8 und S2.\" \/>\n<meta name=\"robots\" content=\"index, follow, max-snippet:-1, max-image-preview:large, max-video-preview:-1\" \/>\n<link rel=\"canonical\" href=\"https:\/\/svab.se\/de\/steuergriffe\/\" \/>\n<meta property=\"og:locale\" content=\"de_DE\" \/>\n<meta property=\"og:type\" content=\"article\" \/>\n<meta property=\"og:title\" content=\"Joystick Bagger - Pr\u00e4zise und ergonomische Steuergriffe - SVAB\" \/>\n<meta property=\"og:description\" content=\"Entdecken Sie die SVAB-Joysticksteuerungen f\u00fcr Pr\u00e4zision und Bedienkomfort. Ergonomische L\u00f6sungen wie A9, L8 und S2.\" \/>\n<meta property=\"og:url\" content=\"https:\/\/svab.se\/de\/steuergriffe\/\" \/>\n<meta property=\"og:site_name\" content=\"SVAB\" \/>\n<meta property=\"article:modified_time\" content=\"2024-11-12T10:10:46+00:00\" \/>\n<meta name=\"twitter:card\" content=\"summary_large_image\" \/>\n<script type=\"application\/ld+json\" class=\"yoast-schema-graph\">{\"@context\":\"https:\/\/schema.org\",\"@graph\":[{\"@type\":\"WebPage\",\"@id\":\"https:\/\/svab.se\/de\/steuergriffe\/\",\"url\":\"https:\/\/svab.se\/de\/steuergriffe\/\",\"name\":\"Joystick Bagger - Pr\u00e4zise und ergonomische Steuergriffe - SVAB\",\"isPartOf\":{\"@id\":\"https:\/\/svab.se\/#website\"},\"datePublished\":\"2019-10-08T09:09:51+00:00\",\"dateModified\":\"2024-11-12T10:10:46+00:00\",\"description\":\"Entdecken Sie die SVAB-Joysticksteuerungen f\u00fcr Pr\u00e4zision und Bedienkomfort. Ergonomische L\u00f6sungen wie A9, L8 und S2.\",\"breadcrumb\":{\"@id\":\"https:\/\/svab.se\/de\/steuergriffe\/#breadcrumb\"},\"inLanguage\":\"de\",\"potentialAction\":[{\"@type\":\"ReadAction\",\"target\":[\"https:\/\/svab.se\/de\/steuergriffe\/\"]}]},{\"@type\":\"BreadcrumbList\",\"@id\":\"https:\/\/svab.se\/de\/steuergriffe\/#breadcrumb\",\"itemListElement\":[{\"@type\":\"ListItem\",\"position\":1,\"name\":\"Hem\",\"item\":\"https:\/\/svab.se\/de\/\"},{\"@type\":\"ListItem\",\"position\":2,\"name\":\"Steuergriffe\"}]},{\"@type\":\"WebSite\",\"@id\":\"https:\/\/svab.se\/#website\",\"url\":\"https:\/\/svab.se\/\",\"name\":\"SVAB\",\"description\":null,\"potentialAction\":[{\"@type\":\"SearchAction\",\"target\":{\"@type\":\"EntryPoint\",\"urlTemplate\":\"https:\/\/svab.se\/?s={search_term_string}\"},\"query-input\":{\"@type\":\"PropertyValueSpecification\",\"valueRequired\":true,\"valueName\":\"search_term_string\"}}],\"inLanguage\":\"de\"}]}<\/script>\n<!-- \/ Yoast SEO plugin. -->","yoast_head_json":{"title":"Joystick Bagger - Pr\u00e4zise und ergonomische Steuergriffe - SVAB","description":"Entdecken Sie die SVAB-Joysticksteuerungen f\u00fcr Pr\u00e4zision und Bedienkomfort. Ergonomische L\u00f6sungen wie A9, L8 und S2.","robots":{"index":"index","follow":"follow","max-snippet":"max-snippet:-1","max-image-preview":"max-image-preview:large","max-video-preview":"max-video-preview:-1"},"canonical":"https:\/\/svab.se\/de\/steuergriffe\/","og_locale":"de_DE","og_type":"article","og_title":"Joystick Bagger - Pr\u00e4zise und ergonomische Steuergriffe - SVAB","og_description":"Entdecken Sie die SVAB-Joysticksteuerungen f\u00fcr Pr\u00e4zision und Bedienkomfort. Ergonomische L\u00f6sungen wie A9, L8 und S2.","og_url":"https:\/\/svab.se\/de\/steuergriffe\/","og_site_name":"SVAB","article_modified_time":"2024-11-12T10:10:46+00:00","twitter_card":"summary_large_image","schema":{"@context":"https:\/\/schema.org","@graph":[{"@type":"WebPage","@id":"https:\/\/svab.se\/de\/steuergriffe\/","url":"https:\/\/svab.se\/de\/steuergriffe\/","name":"Joystick Bagger - Pr\u00e4zise und ergonomische Steuergriffe - SVAB","isPartOf":{"@id":"https:\/\/svab.se\/#website"},"datePublished":"2019-10-08T09:09:51+00:00","dateModified":"2024-11-12T10:10:46+00:00","description":"Entdecken Sie die SVAB-Joysticksteuerungen f\u00fcr Pr\u00e4zision und Bedienkomfort. Ergonomische L\u00f6sungen wie A9, L8 und S2.","breadcrumb":{"@id":"https:\/\/svab.se\/de\/steuergriffe\/#breadcrumb"},"inLanguage":"de","potentialAction":[{"@type":"ReadAction","target":["https:\/\/svab.se\/de\/steuergriffe\/"]}]},{"@type":"BreadcrumbList","@id":"https:\/\/svab.se\/de\/steuergriffe\/#breadcrumb","itemListElement":[{"@type":"ListItem","position":1,"name":"Hem","item":"https:\/\/svab.se\/de\/"},{"@type":"ListItem","position":2,"name":"Steuergriffe"}]},{"@type":"WebSite","@id":"https:\/\/svab.se\/#website","url":"https:\/\/svab.se\/","name":"SVAB","description":null,"potentialAction":[{"@type":"SearchAction","target":{"@type":"EntryPoint","urlTemplate":"https:\/\/svab.se\/?s={search_term_string}"},"query-input":{"@type":"PropertyValueSpecification","valueRequired":true,"valueName":"search_term_string"}}],"inLanguage":"de"}]}},"_links":{"self":[{"href":"https:\/\/svab.se\/de\/wp-json\/wp\/v2\/pages\/8327","targetHints":{"allow":["GET"]}}],"collection":[{"href":"https:\/\/svab.se\/de\/wp-json\/wp\/v2\/pages"}],"about":[{"href":"https:\/\/svab.se\/de\/wp-json\/wp\/v2\/types\/page"}],"author":[{"embeddable":true,"href":"https:\/\/svab.se\/de\/wp-json\/wp\/v2\/users\/1"}],"replies":[{"embeddable":true,"href":"https:\/\/svab.se\/de\/wp-json\/wp\/v2\/comments?post=8327"}],"version-history":[{"count":3,"href":"https:\/\/svab.se\/de\/wp-json\/wp\/v2\/pages\/8327\/revisions"}],"predecessor-version":[{"id":8541,"href":"https:\/\/svab.se\/de\/wp-json\/wp\/v2\/pages\/8327\/revisions\/8541"}],"wp:attachment":[{"href":"https:\/\/svab.se\/de\/wp-json\/wp\/v2\/media?parent=8327"}],"curies":[{"name":"wp","href":"https:\/\/api.w.org\/{rel}","templated":true}]}}