{"id":8892,"date":"2026-04-29T17:19:06","date_gmt":"2026-04-29T15:19:06","guid":{"rendered":"https:\/\/svab.se\/?page_id=8892"},"modified":"2026-04-29T17:19:53","modified_gmt":"2026-04-29T15:19:53","slug":"barrierefreiheit","status":"publish","type":"page","link":"https:\/\/svab.se\/de\/barrierefreiheit\/","title":{"rendered":"Barrierefreiheit"},"content":{"rendered":"<p><b>SVAB Hydraulik AB<\/b><span style=\"font-weight: 400;\"> ist f\u00fcr diese Website verantwortlich. Unser Ziel ist es, dass m\u00f6glichst viele Menschen die Website unabh\u00e4ngig von ihren F\u00e4higkeiten oder Umst\u00e4nden nutzen k\u00f6nnen. In dieser Erkl\u00e4rung beschreiben wir die Einhaltung der Barrierefreiheitsanforderungen, bekannte Probleme sowie Kontaktm\u00f6glichkeiten.<\/span><\/p>\n<h2 data-section-id=\"10fmem4\" data-start=\"5493\" data-end=\"5529\">Wie barrierefrei ist die Website?<\/h2>\n<p data-start=\"5530\" data-end=\"5714\">Wir sind uns bewusst, dass Teile der Website noch nicht vollst\u00e4ndig barrierefrei sind. Weitere Informationen finden Sie im Abschnitt <em data-start=\"5663\" data-end=\"5713\">Inhalte mit bekannten Barrierefreiheitsproblemen<\/em>.<\/p>\n<h2 data-section-id=\"1o4lvtt\" data-start=\"5716\" data-end=\"5765\">Wenn Sie Teile der Website nicht nutzen k\u00f6nnen<\/h2>\n<p data-start=\"5766\" data-end=\"5938\">Wenn Sie Inhalte von svab.se in einem barrierefreien Format ben\u00f6tigen oder Schwierigkeiten bei der Nutzung haben, kontaktieren Sie uns bitte. Wir helfen Ihnen gerne weiter.<\/p>\n<p data-start=\"5940\" data-end=\"5948\">Kontakt:<\/p>\n<p><b>E-Mail<\/b><span style=\"font-weight: 400;\">: <\/span><a href=\"mailto:info@svab.se\"><span style=\"font-weight: 400;\">info@svab.se<\/span><\/a><\/p>\n<h2 data-section-id=\"1l2do03\" data-start=\"5986\" data-end=\"6021\">Barrierefreiheitsprobleme melden<\/h2>\n<p data-start=\"6022\" data-end=\"6170\">Wir arbeiten kontinuierlich daran, die Barrierefreiheit zu verbessern. Wenn Sie Probleme feststellen oder Feedback haben, informieren Sie uns bitte.<\/p>\n<h2 data-section-id=\"11931xu\" data-start=\"6172\" data-end=\"6183\">Aufsicht<\/h2>\n<p data-start=\"6184\" data-end=\"6324\">Die schwedische Post- und Telekommunikationsbeh\u00f6rde (PTS) \u00fcberwacht die Einhaltung des Gesetzes \u00fcber die Barrierefreiheit digitaler Dienste.<\/p>\n<p data-start=\"6326\" data-end=\"6581\">Sie k\u00f6nnen eine Beschwerde bei PTS einreichen, wenn Sie der Meinung sind, dass unsere digitalen Dienste M\u00e4ngel aufweisen. Dies gilt auch, wenn Sie unsere Bewertung einer unverh\u00e4ltnism\u00e4\u00dfigen Belastung anzweifeln oder wenn diese Erkl\u00e4rung unvollst\u00e4ndig ist.<\/p>\n<h2 data-section-id=\"1j3qv4f\" data-start=\"6583\" data-end=\"6631\">Technische Informationen zur Barrierefreiheit<\/h2>\n<p data-start=\"6632\" data-end=\"6800\">Diese Website ist teilweise mit den Anforderungen des Gesetzes \u00fcber die Barrierefreiheit digitaler Dienste vereinbar. Nicht barrierefreie Inhalte sind unten aufgef\u00fchrt.<\/p>\n<h2 data-section-id=\"ner3p3\" data-start=\"6802\" data-end=\"6853\">Inhalte mit bekannten Barrierefreiheitsproblemen<\/h2>\n<ul>\n<li data-section-id=\"ldgd8r\" data-start=\"1550\" data-end=\"1675\">Einige Links haben keine zug\u00e4nglichen Namen oder Beschriftungen, zum Beispiel wenn der Inhalt nur aus einem Symbol besteht.<\/li>\n<li data-section-id=\"1uxhivr\" data-start=\"1676\" data-end=\"1804\">Manche Texte weisen einen zu geringen Kontrast zum Hintergrund auf, beispielsweise sogenannte \u201ePre-Titles\u201c (H4-\u00dcberschriften).<\/li>\n<li data-section-id=\"129m565\" data-start=\"1805\" data-end=\"1979\">\u00dcberschriftenebenen werden nicht immer in einer logischen Reihenfolge verwendet. So kann beispielsweise H4 vor H3 erscheinen oder die Struktur direkt von H1 zu H3 springen.<\/li>\n<li data-section-id=\"9718rg\" data-start=\"1980\" data-end=\"2056\">Listen k\u00f6nnen Texte mit unzureichendem Kontrast zum Hintergrund enthalten.<\/li>\n<li data-section-id=\"176zz2j\" data-start=\"2057\" data-end=\"2163\">Einige Bilder haben keine aussagekr\u00e4ftigen Alternativtexte oder verwenden Dateinamen als Alternativtext.<\/li>\n<li data-section-id=\"jsk70u\" data-start=\"2164\" data-end=\"2302\">Die Tab-Reihenfolge in bestimmten Men\u00fcs entspricht nicht der visuellen Reihenfolge, was die Navigation mit der Tastatur erschweren kann.<\/li>\n<\/ul>\n<h2 data-section-id=\"1m9sdmr\" data-start=\"6942\" data-end=\"6954\">Ausnahmen<\/h2>\n<h3 data-section-id=\"1afarzg\" data-start=\"6956\" data-end=\"6975\">Videos vor 2023<\/h3>\n<p data-start=\"6976\" data-end=\"7136\">Einige \u00e4ltere Videos entsprechen m\u00f6glicherweise nicht den aktuellen Anforderungen. Eine nachtr\u00e4gliche Anpassung wurde als unverh\u00e4ltnism\u00e4\u00dfige Belastung bewertet.<\/p>\n<h3 data-section-id=\"19u2lcn\" data-start=\"7138\" data-end=\"7180\">\u00c4ltere Dokumente (PDFs und Brosch\u00fcren)<\/h3>\n<p data-start=\"7181\" data-end=\"7327\">\u00c4ltere Dokumente sind m\u00f6glicherweise nicht vollst\u00e4ndig barrierefrei. Eine nachtr\u00e4gliche Anpassung wurde als unverh\u00e4ltnism\u00e4\u00dfige Belastung bewertet.<\/p>\n<h2 data-section-id=\"1c5s7c4\" data-start=\"7329\" data-end=\"7366\">Wie wir die Website getestet haben<\/h2>\n<p data-start=\"7367\" data-end=\"7458\">Die Barrierefreiheit wurde von Addcode AB durch automatisierte und manuelle Tests bewertet.<\/p>\n<p data-start=\"7460\" data-end=\"7473\"><strong data-start=\"7460\" data-end=\"7473\">Methoden:<\/strong><\/p>\n<ul data-start=\"7474\" data-end=\"7545\">\n<li data-section-id=\"13o7ed1\" data-start=\"7474\" data-end=\"7508\">Tools: WAVE, Lighthouse (Chrome)<\/li>\n<li data-section-id=\"1ipmemi\" data-start=\"7509\" data-end=\"7545\">Manuelle Tests: Tastaturnavigation<\/li>\n<\/ul>\n<p><span style=\"font-weight: 400;\"><strong>Letzte Pr\u00fcfung:<\/strong> 29 April 2026<\/span><\/p>\n<p><span style=\"font-weight: 400;\"><strong>Zuletzt aktualisiert:<\/strong> 29 April 2026<\/span><\/p>\n","protected":false},"excerpt":{"rendered":"<p>SVAB Hydraulik AB ist f\u00fcr diese Website verantwortlich. Unser Ziel ist es, dass m\u00f6glichst viele Menschen die Website unabh\u00e4ngig von ihren F\u00e4higkeiten oder Umst\u00e4nden nutzen k\u00f6nnen. In dieser Erkl\u00e4rung beschreiben wir die Einhaltung der Barrierefreiheitsanforderungen, bekannte Probleme sowie Kontaktm\u00f6glichkeiten. Wie&#8230;<\/p>\n","protected":false},"author":1,"featured_media":0,"parent":0,"menu_order":0,"comment_status":"closed","ping_status":"closed","template":"","meta":{"_acf_changed":false,"footnotes":""},"class_list":["post-8892","page","type-page","status-publish","hentry"],"acf":[],"yoast_head":"<!-- This site is optimized with the Yoast SEO plugin v26.8 - https:\/\/yoast.com\/product\/yoast-seo-wordpress\/ -->\n<title>Barrierefreiheit - SVAB<\/title>\n<meta name=\"robots\" content=\"index, follow, max-snippet:-1, max-image-preview:large, max-video-preview:-1\" \/>\n<link rel=\"canonical\" href=\"https:\/\/svab.se\/de\/barrierefreiheit\/\" \/>\n<meta property=\"og:locale\" content=\"de_DE\" \/>\n<meta property=\"og:type\" content=\"article\" \/>\n<meta property=\"og:title\" content=\"Barrierefreiheit - SVAB\" \/>\n<meta property=\"og:description\" content=\"SVAB Hydraulik AB ist f\u00fcr diese Website verantwortlich. Unser Ziel ist es, dass m\u00f6glichst viele Menschen die Website unabh\u00e4ngig von ihren F\u00e4higkeiten oder Umst\u00e4nden nutzen k\u00f6nnen. In dieser Erkl\u00e4rung beschreiben wir die Einhaltung der Barrierefreiheitsanforderungen, bekannte Probleme sowie Kontaktm\u00f6glichkeiten. Wie...\" \/>\n<meta property=\"og:url\" content=\"https:\/\/svab.se\/de\/barrierefreiheit\/\" \/>\n<meta property=\"og:site_name\" content=\"SVAB\" \/>\n<meta property=\"article:modified_time\" content=\"2026-04-29T15:19:53+00:00\" \/>\n<meta name=\"twitter:card\" content=\"summary_large_image\" \/>\n<meta name=\"twitter:label1\" content=\"Gesch\u00e4tzte Lesezeit\" \/>\n\t<meta name=\"twitter:data1\" content=\"2\u00a0Minuten\" \/>\n<script type=\"application\/ld+json\" class=\"yoast-schema-graph\">{\"@context\":\"https:\/\/schema.org\",\"@graph\":[{\"@type\":\"WebPage\",\"@id\":\"https:\/\/svab.se\/de\/barrierefreiheit\/\",\"url\":\"https:\/\/svab.se\/de\/barrierefreiheit\/\",\"name\":\"Barrierefreiheit - SVAB\",\"isPartOf\":{\"@id\":\"https:\/\/svab.se\/#website\"},\"datePublished\":\"2026-04-29T15:19:06+00:00\",\"dateModified\":\"2026-04-29T15:19:53+00:00\",\"breadcrumb\":{\"@id\":\"https:\/\/svab.se\/de\/barrierefreiheit\/#breadcrumb\"},\"inLanguage\":\"de\",\"potentialAction\":[{\"@type\":\"ReadAction\",\"target\":[\"https:\/\/svab.se\/de\/barrierefreiheit\/\"]}]},{\"@type\":\"BreadcrumbList\",\"@id\":\"https:\/\/svab.se\/de\/barrierefreiheit\/#breadcrumb\",\"itemListElement\":[{\"@type\":\"ListItem\",\"position\":1,\"name\":\"Hem\",\"item\":\"https:\/\/svab.se\/de\/\"},{\"@type\":\"ListItem\",\"position\":2,\"name\":\"Barrierefreiheit\"}]},{\"@type\":\"WebSite\",\"@id\":\"https:\/\/svab.se\/#website\",\"url\":\"https:\/\/svab.se\/\",\"name\":\"SVAB\",\"description\":null,\"potentialAction\":[{\"@type\":\"SearchAction\",\"target\":{\"@type\":\"EntryPoint\",\"urlTemplate\":\"https:\/\/svab.se\/?s={search_term_string}\"},\"query-input\":{\"@type\":\"PropertyValueSpecification\",\"valueRequired\":true,\"valueName\":\"search_term_string\"}}],\"inLanguage\":\"de\"}]}<\/script>\n<!-- \/ Yoast SEO plugin. -->","yoast_head_json":{"title":"Barrierefreiheit - SVAB","robots":{"index":"index","follow":"follow","max-snippet":"max-snippet:-1","max-image-preview":"max-image-preview:large","max-video-preview":"max-video-preview:-1"},"canonical":"https:\/\/svab.se\/de\/barrierefreiheit\/","og_locale":"de_DE","og_type":"article","og_title":"Barrierefreiheit - SVAB","og_description":"SVAB Hydraulik AB ist f\u00fcr diese Website verantwortlich. Unser Ziel ist es, dass m\u00f6glichst viele Menschen die Website unabh\u00e4ngig von ihren F\u00e4higkeiten oder Umst\u00e4nden nutzen k\u00f6nnen. In dieser Erkl\u00e4rung beschreiben wir die Einhaltung der Barrierefreiheitsanforderungen, bekannte Probleme sowie Kontaktm\u00f6glichkeiten. Wie...","og_url":"https:\/\/svab.se\/de\/barrierefreiheit\/","og_site_name":"SVAB","article_modified_time":"2026-04-29T15:19:53+00:00","twitter_card":"summary_large_image","twitter_misc":{"Gesch\u00e4tzte Lesezeit":"2\u00a0Minuten"},"schema":{"@context":"https:\/\/schema.org","@graph":[{"@type":"WebPage","@id":"https:\/\/svab.se\/de\/barrierefreiheit\/","url":"https:\/\/svab.se\/de\/barrierefreiheit\/","name":"Barrierefreiheit - SVAB","isPartOf":{"@id":"https:\/\/svab.se\/#website"},"datePublished":"2026-04-29T15:19:06+00:00","dateModified":"2026-04-29T15:19:53+00:00","breadcrumb":{"@id":"https:\/\/svab.se\/de\/barrierefreiheit\/#breadcrumb"},"inLanguage":"de","potentialAction":[{"@type":"ReadAction","target":["https:\/\/svab.se\/de\/barrierefreiheit\/"]}]},{"@type":"BreadcrumbList","@id":"https:\/\/svab.se\/de\/barrierefreiheit\/#breadcrumb","itemListElement":[{"@type":"ListItem","position":1,"name":"Hem","item":"https:\/\/svab.se\/de\/"},{"@type":"ListItem","position":2,"name":"Barrierefreiheit"}]},{"@type":"WebSite","@id":"https:\/\/svab.se\/#website","url":"https:\/\/svab.se\/","name":"SVAB","description":null,"potentialAction":[{"@type":"SearchAction","target":{"@type":"EntryPoint","urlTemplate":"https:\/\/svab.se\/?s={search_term_string}"},"query-input":{"@type":"PropertyValueSpecification","valueRequired":true,"valueName":"search_term_string"}}],"inLanguage":"de"}]}},"_links":{"self":[{"href":"https:\/\/svab.se\/de\/wp-json\/wp\/v2\/pages\/8892","targetHints":{"allow":["GET"]}}],"collection":[{"href":"https:\/\/svab.se\/de\/wp-json\/wp\/v2\/pages"}],"about":[{"href":"https:\/\/svab.se\/de\/wp-json\/wp\/v2\/types\/page"}],"author":[{"embeddable":true,"href":"https:\/\/svab.se\/de\/wp-json\/wp\/v2\/users\/1"}],"replies":[{"embeddable":true,"href":"https:\/\/svab.se\/de\/wp-json\/wp\/v2\/comments?post=8892"}],"version-history":[{"count":3,"href":"https:\/\/svab.se\/de\/wp-json\/wp\/v2\/pages\/8892\/revisions"}],"predecessor-version":[{"id":8896,"href":"https:\/\/svab.se\/de\/wp-json\/wp\/v2\/pages\/8892\/revisions\/8896"}],"wp:attachment":[{"href":"https:\/\/svab.se\/de\/wp-json\/wp\/v2\/media?parent=8892"}],"curies":[{"name":"wp","href":"https:\/\/api.w.org\/{rel}","templated":true}]}}